{"id":220,"date":"2021-12-08T16:41:29","date_gmt":"2021-12-08T19:41:29","guid":{"rendered":"https:\/\/rexart.com.br\/blog\/?page_id=220"},"modified":"2021-12-08T19:07:14","modified_gmt":"2021-12-08T22:07:14","slug":"21-titulos-para-ler-revisados-em-2021","status":"publish","type":"page","link":"https:\/\/rexart.com.br\/blog\/","title":{"rendered":"21 T\u00edtulos para ler revisados em 2021"},"content":{"rendered":"\n<p>O ano foi muito produtivo em termos de novos autores e obras excelentes. Desta forma, queremos compartilhar com voc\u00eas um pouquinho de cada uma. Esperamos que gostem!<\/p>\n\n\n\n<figure class=\"wp-block-image size-full\"><img loading=\"lazy\" decoding=\"async\" width=\"306\" height=\"452\" src=\"https:\/\/rexart.com.br\/blog\/wp-content\/uploads\/2021\/12\/mockup.jpg\" alt=\"\" class=\"wp-image-194\" srcset=\"https:\/\/rexart.com.br\/blog\/wp-content\/uploads\/2021\/12\/mockup.jpg 306w, https:\/\/rexart.com.br\/blog\/wp-content\/uploads\/2021\/12\/mockup-203x300.jpg 203w\" sizes=\"auto, (max-width: 306px) 100vw, 306px\" \/><\/figure>\n\n\n\n<p>Estava previsto, estava em suas m\u00e3os&#8230;<br>Ela permitiu-se ao tarot, redescobiu-se e entre tiragens e ansiedade, viu surgir uma nova paix\u00e3o. Um amor entre cenas, cordas e velas. Apenas para maiores!  Revisado em maio\/2021<\/p>\n\n\n\n<figure class=\"wp-block-image size-full\"><img loading=\"lazy\" decoding=\"async\" width=\"333\" height=\"503\" src=\"https:\/\/rexart.com.br\/blog\/wp-content\/uploads\/2021\/12\/mockup-1.jpg\" alt=\"\" class=\"wp-image-195\" srcset=\"https:\/\/rexart.com.br\/blog\/wp-content\/uploads\/2021\/12\/mockup-1.jpg 333w, https:\/\/rexart.com.br\/blog\/wp-content\/uploads\/2021\/12\/mockup-1-199x300.jpg 199w\" sizes=\"auto, (max-width: 333px) 100vw, 333px\" \/><\/figure>\n\n\n\n<p>Daiane \u00e9 uma m\u00e9dica veterin\u00e1ria, no auge dos seus 24 anos, que decide viajar para Portugal para conhecer Vasco Rafael, seu amigo virtual de longa data, amizade esta que \u00e9 cheia de tes\u00e3o reprimido. Revisado em maio\/2021<\/p>\n\n\n\n<figure class=\"wp-block-image size-full\"><img loading=\"lazy\" decoding=\"async\" width=\"327\" height=\"495\" src=\"https:\/\/rexart.com.br\/blog\/wp-content\/uploads\/2021\/12\/mockup-2.jpg\" alt=\"\" class=\"wp-image-196\" srcset=\"https:\/\/rexart.com.br\/blog\/wp-content\/uploads\/2021\/12\/mockup-2.jpg 327w, https:\/\/rexart.com.br\/blog\/wp-content\/uploads\/2021\/12\/mockup-2-198x300.jpg 198w\" sizes=\"auto, (max-width: 327px) 100vw, 327px\" \/><\/figure>\n\n\n\n<p>Flor de Liz Medina n\u00e3o queria ser distra\u00edda pelo amor rom\u00e2ntico: p\u00e9ssimas experi\u00eancias com pessoas ego\u00edstas e desleais;<br>Bernardo Novaes fugiu da fama, errou epicamente ao sequer usar algu\u00e9m para ajud\u00e1-lo a esconder o passado, percebeu finalmente que teria que se transformar num homem melhor.<br>Venha conhecer o desfecho dessa deliciosa hist\u00f3ria de amor, amizade, fam\u00edlia, aprendizado e poesia! Revisado em julho\/2021<\/p>\n\n\n\n<figure class=\"wp-block-image size-full\"><img loading=\"lazy\" decoding=\"async\" width=\"350\" height=\"511\" src=\"https:\/\/rexart.com.br\/blog\/wp-content\/uploads\/2021\/12\/mockup-3.jpg\" alt=\"\" class=\"wp-image-197\" srcset=\"https:\/\/rexart.com.br\/blog\/wp-content\/uploads\/2021\/12\/mockup-3.jpg 350w, https:\/\/rexart.com.br\/blog\/wp-content\/uploads\/2021\/12\/mockup-3-205x300.jpg 205w\" sizes=\"auto, (max-width: 350px) 100vw, 350px\" \/><\/figure>\n\n\n\n<p>A hist\u00f3ria trata da \u00faltima descendente de Merlin, Katherine McLean Jones. Ela descobre, ap\u00f3s a morte do seu pai, que pertence a uma linhagem direta do grande feiticeiro Merlin. Dentro desse sensacional conto de fadas, ela acaba tendo que se aliar ao herdeiro de Morgana, que teoricamente \u00e9 um dos seus inimigos. Mas para derrotar Morgana e mostrar que \u00e9 totalmente poss\u00edvel dois descendentes de uma linha de feiti\u00e7aria diferente, se unirem e at\u00e9 mesmo, ficarem juntos. Revisado em julho\/2021<\/p>\n\n\n\n<figure class=\"wp-block-image size-full\"><img loading=\"lazy\" decoding=\"async\" width=\"313\" height=\"435\" src=\"https:\/\/rexart.com.br\/blog\/wp-content\/uploads\/2021\/12\/mockup-4.jpg\" alt=\"\" class=\"wp-image-198\" srcset=\"https:\/\/rexart.com.br\/blog\/wp-content\/uploads\/2021\/12\/mockup-4.jpg 313w, https:\/\/rexart.com.br\/blog\/wp-content\/uploads\/2021\/12\/mockup-4-216x300.jpg 216w\" sizes=\"auto, (max-width: 313px) 100vw, 313px\" \/><\/figure>\n\n\n\n<p>Esta \u00e9 uma hist\u00f3ria diferente das outras. Uma hist\u00f3ria de sangue e dor onde o caos milita contra o destino para decidir quem \u00e9 mais forte. Onde n\u00e3o h\u00e1 bem e n\u00e3o h\u00e1 mal, apenas pessoas e seus desejos, vontades e esperan\u00e7as. Decida voc\u00ea mesmo enquanto l\u00ea quem est\u00e1 correto e por quem torcer. Revisado em julho\/2021<\/p>\n\n\n\n<figure class=\"wp-block-image size-full\"><img loading=\"lazy\" decoding=\"async\" width=\"365\" height=\"531\" src=\"https:\/\/rexart.com.br\/blog\/wp-content\/uploads\/2021\/12\/mockup-5.jpg\" alt=\"\" class=\"wp-image-199\" srcset=\"https:\/\/rexart.com.br\/blog\/wp-content\/uploads\/2021\/12\/mockup-5.jpg 365w, https:\/\/rexart.com.br\/blog\/wp-content\/uploads\/2021\/12\/mockup-5-206x300.jpg 206w\" sizes=\"auto, (max-width: 365px) 100vw, 365px\" \/><\/figure>\n\n\n\n<p>De tantas rugas desenhadas \u00e0 m\u00e3o, de tantas marcas ao amanhecer, o que era simples e singelo ent\u00e3o, de t\u00e3o inocente vem se fazer.<\/p>\n\n\n\n<p>O que era tenro e inocente ao ver a luz se titubeou, era a imagem de um anjo sorridente, n\u00e3o trazia o bem da paz, mas trouxera o mal de amor.  Revisado em agosto\/2021<\/p>\n\n\n\n<figure class=\"wp-block-image size-full\"><img loading=\"lazy\" decoding=\"async\" width=\"327\" height=\"479\" src=\"https:\/\/rexart.com.br\/blog\/wp-content\/uploads\/2021\/12\/mockup-Criaturas.jpg\" alt=\"\" class=\"wp-image-200\" srcset=\"https:\/\/rexart.com.br\/blog\/wp-content\/uploads\/2021\/12\/mockup-Criaturas.jpg 327w, https:\/\/rexart.com.br\/blog\/wp-content\/uploads\/2021\/12\/mockup-Criaturas-205x300.jpg 205w\" sizes=\"auto, (max-width: 327px) 100vw, 327px\" \/><\/figure>\n\n\n\n<p>Trope\u00e7o e come\u00e7o a cair. A escurid\u00e3o me envolve; tudo fica silencioso e apenas sinto meu corpo caindo e caindo, sem parar. De repente, um barulho rompe o sil\u00eancio. Um som agudo a uma curta dist\u00e2ncia, apitando insistentemente, cada vez mais perto e mais alto.<br>Ent\u00e3o, ao som do despertador, acordo. Revisado em setembro\/2021<\/p>\n\n\n\n<figure class=\"wp-block-image size-full\"><img loading=\"lazy\" decoding=\"async\" width=\"607\" height=\"860\" src=\"https:\/\/rexart.com.br\/blog\/wp-content\/uploads\/2021\/12\/capa-relatos-de-uma-inexistencia.jpg\" alt=\"\" class=\"wp-image-201\" srcset=\"https:\/\/rexart.com.br\/blog\/wp-content\/uploads\/2021\/12\/capa-relatos-de-uma-inexistencia.jpg 607w, https:\/\/rexart.com.br\/blog\/wp-content\/uploads\/2021\/12\/capa-relatos-de-uma-inexistencia-212x300.jpg 212w\" sizes=\"auto, (max-width: 607px) 100vw, 607px\" \/><\/figure>\n\n\n\n<p>Alegria, tristeza, surpresa, decep\u00e7\u00e3o, motiva\u00e7\u00e3o, desist\u00eancia, prazeres, solid\u00e3o, morte e outros temas do cotidiano s\u00e3o abordados e acrescidos de elementos filos\u00f3ficos e surreais, que s\u00e3o, no meu entendimento \u2014 o do conjunto das facetas \u2014 a \u00fanica forma coerente de existir. A busca por compreens\u00e3o e o absurdo ser\u00e3o sempre causa e efeito, pelo menos enquanto n\u00e3o houver certeza al\u00e9m da morte. Revisado em setembro\/2021<\/p>\n\n\n\n<figure class=\"wp-block-image size-full\"><img loading=\"lazy\" decoding=\"async\" width=\"366\" height=\"526\" src=\"https:\/\/rexart.com.br\/blog\/wp-content\/uploads\/2021\/12\/mockup-Historias-da-Vida.jpg\" alt=\"\" class=\"wp-image-202\" srcset=\"https:\/\/rexart.com.br\/blog\/wp-content\/uploads\/2021\/12\/mockup-Historias-da-Vida.jpg 366w, https:\/\/rexart.com.br\/blog\/wp-content\/uploads\/2021\/12\/mockup-Historias-da-Vida-209x300.jpg 209w\" sizes=\"auto, (max-width: 366px) 100vw, 366px\" \/><\/figure>\n\n\n\n<p>Hist\u00f3rias da vida tem como objetivo nos fazer relembrar momentos vividos, hist\u00f3rias reais em forma de poesia, quantas hist\u00f3rias vivemos e assistimos no momento chamado vida.<br>Quem nunca viveu uma hist\u00f3ria, com in\u00edcio meio e fim. Revisado em agosto\/2021<\/p>\n\n\n\n<figure class=\"wp-block-image size-full\"><img loading=\"lazy\" decoding=\"async\" width=\"569\" height=\"897\" src=\"https:\/\/rexart.com.br\/blog\/wp-content\/uploads\/2021\/12\/mockup-6.jpg\" alt=\"\" class=\"wp-image-203\" srcset=\"https:\/\/rexart.com.br\/blog\/wp-content\/uploads\/2021\/12\/mockup-6.jpg 569w, https:\/\/rexart.com.br\/blog\/wp-content\/uploads\/2021\/12\/mockup-6-190x300.jpg 190w\" sizes=\"auto, (max-width: 569px) 100vw, 569px\" \/><\/figure>\n\n\n\n<p>Tatiana, escritora e romancista, apesar de escrever sobre o amor nos seus romances, quer tudo, menos se envolver, quem dir\u00e1 se apaixonar. Por\u00e9m, o universo d\u00e1 um jeitinho de bagun\u00e7ar essas convic\u00e7\u00f5es ao colocar Yuri em seu caminho. Dono de um olhar profundo cor de \u00e2mbar e de um sorriso adornado por irresist\u00edveis covinhas, ele p\u00f5e em xeque as certezas de Tatiana, revelando a ela que o amor pode, sim, ser leve. Esse CEO ir\u00e1 balan\u00e7ar o cora\u00e7\u00e3ozinho da encantadora romancista! Uma Com\u00e9dia Rom\u00e2ntica envolvente e sensual de aquecer cora\u00e7\u00f5es. Revisado em agosto\/2021<\/p>\n\n\n\n<figure class=\"wp-block-image size-full\"><img loading=\"lazy\" decoding=\"async\" width=\"691\" height=\"994\" src=\"https:\/\/rexart.com.br\/blog\/wp-content\/uploads\/2021\/12\/capa-Torre-de-Fogo.jpg\" alt=\"\" class=\"wp-image-204\" srcset=\"https:\/\/rexart.com.br\/blog\/wp-content\/uploads\/2021\/12\/capa-Torre-de-Fogo.jpg 691w, https:\/\/rexart.com.br\/blog\/wp-content\/uploads\/2021\/12\/capa-Torre-de-Fogo-209x300.jpg 209w\" sizes=\"auto, (max-width: 691px) 100vw, 691px\" \/><\/figure>\n\n\n\n<p>\u00c9fiz \u00e9 um continente cujas marcas da \u00faltima Grande Guerra ainda n\u00e3o cicatrizaram. As regi\u00f5es dessa vasta terra respondem ao reino de Narumar, mas nem todos toleram a tirania do monarca infame. Um grupo conhecido como Salamandra age nas sombras para equilibrar o poder entre as classes e ra\u00e7as. Aznon, o feiticeiro, lidera os rebeldes ao lado do guerreiro Draven e a druidisa Lilith. Enquanto intrigas humanas ocorrem, um mal mais antigo que o pr\u00f3prio tempo, aguarda para agir.&nbsp; Revisado em agosto\/2021<\/p>\n\n\n\n<figure class=\"wp-block-image size-full\"><img loading=\"lazy\" decoding=\"async\" width=\"519\" height=\"733\" src=\"https:\/\/rexart.com.br\/blog\/wp-content\/uploads\/2021\/12\/capa-Amor-Veloz.jpg\" alt=\"\" class=\"wp-image-205\" srcset=\"https:\/\/rexart.com.br\/blog\/wp-content\/uploads\/2021\/12\/capa-Amor-Veloz.jpg 519w, https:\/\/rexart.com.br\/blog\/wp-content\/uploads\/2021\/12\/capa-Amor-Veloz-212x300.jpg 212w\" sizes=\"auto, (max-width: 519px) 100vw, 519px\" \/><\/figure>\n\n\n\n<p>Melody Walker perde os pais em um acidente de carro. Pr\u00f3xima de completar dezessete anos, \u00e9 levada para o Sul da Inglaterra em um vilarejo pr\u00f3ximo a Oxford, para viver com o tio mais velho e alguns familiares. A tentativa de refazer a vida, se adaptar aos costumes ingleses e \u00e0 rotina do internato em que foi matriculada fica cada vez mais dif\u00edcil. Nada parece fazer sentido, at\u00e9 conhecer Joseph Harris, um rapaz de fam\u00edlia humilde que mora nos arredores do col\u00e9gio interno onde ir\u00e1 estudar.&nbsp; Revisado em agosto\/2021<\/p>\n\n\n\n<figure class=\"wp-block-image size-full\"><img loading=\"lazy\" decoding=\"async\" width=\"494\" height=\"726\" src=\"https:\/\/rexart.com.br\/blog\/wp-content\/uploads\/2021\/12\/capa-o-ultimo-voo.png\" alt=\"\" class=\"wp-image-206\" srcset=\"https:\/\/rexart.com.br\/blog\/wp-content\/uploads\/2021\/12\/capa-o-ultimo-voo.png 494w, https:\/\/rexart.com.br\/blog\/wp-content\/uploads\/2021\/12\/capa-o-ultimo-voo-204x300.png 204w\" sizes=\"auto, (max-width: 494px) 100vw, 494px\" \/><\/figure>\n\n\n\n<p>Convido agora voc\u00ea a embarcar numa outra viagem. A viagem do voo AF 447 que n\u00e3o chegou ao seu destino, mas que mudou os rumos de muitas fam\u00edlias, sobretudo os da fam\u00edlia de Elizabeth.<br>Em 31 de maio de 2009, o voo AF 447, do Airbus A330-203 da Air France, decolou no in\u00edcio da noite de um domingo, do aeroporto internacional Tom Jobim, no Rio de Janeiro, rumo ao aeroporto internacional Charles de Gaulle, em Paris, e, com aproximadamente quatro horas de voo, caiu misteriosamente no Oceano Atl\u00e2ntico, com 216 passageiros e 12 tripulantes a bordo. Nenhum dos 228 ocupantes da aeronave sobreviveu.&nbsp;<\/p>\n\n\n\n<p>Revisado em setembro\/2021<\/p>\n\n\n\n<figure class=\"wp-block-image size-full\"><img loading=\"lazy\" decoding=\"async\" width=\"563\" height=\"795\" src=\"https:\/\/rexart.com.br\/blog\/wp-content\/uploads\/2021\/12\/capa-jogos-psicoticos.jpg\" alt=\"\" class=\"wp-image-207\" srcset=\"https:\/\/rexart.com.br\/blog\/wp-content\/uploads\/2021\/12\/capa-jogos-psicoticos.jpg 563w, https:\/\/rexart.com.br\/blog\/wp-content\/uploads\/2021\/12\/capa-jogos-psicoticos-212x300.jpg 212w\" sizes=\"auto, (max-width: 563px) 100vw, 563px\" \/><\/figure>\n\n\n\n<p>Voc\u00eas conhecem as regras dos jogos. 12 psicopatas, assassinos em s\u00e9rie e criminosos perigosos e 12 pessoas comuns sequestradas s\u00e3o enviadas para uma ilha isolada do mundo. Apenas um deles pode sair vivo. Se o vencedor for um criminoso, receber\u00e1 o pr\u00eamio de cinco milh\u00f5es de d\u00f3lares e sua ficha criminal ser\u00e1 apagada. Se for uma pessoa comum, receber\u00e1 dez milh\u00f5es de d\u00f3lares. Nada de rev\u00f3lver, metralhadora ou armas de fogo s\u00e3o permitidas, mas os participantes podem usar elementos da ilha para montarem suas estrat\u00e9gias.&nbsp; Revisado em outubro\/2021<\/p>\n\n\n\n<figure class=\"wp-block-image size-full\"><img loading=\"lazy\" decoding=\"async\" width=\"632\" height=\"913\" src=\"https:\/\/rexart.com.br\/blog\/wp-content\/uploads\/2021\/12\/capa-a-sombria-historia-de-romeu.png\" alt=\"\" class=\"wp-image-208\" srcset=\"https:\/\/rexart.com.br\/blog\/wp-content\/uploads\/2021\/12\/capa-a-sombria-historia-de-romeu.png 632w, https:\/\/rexart.com.br\/blog\/wp-content\/uploads\/2021\/12\/capa-a-sombria-historia-de-romeu-208x300.png 208w\" sizes=\"auto, (max-width: 632px) 100vw, 632px\" \/><\/figure>\n\n\n\n<p>Romeu Campbell n\u00e3o \u00e9 o vampiro que se apaixona por garotas mundanas, \u00e9 aquele que venera a pr\u00f3pria cruel natureza, mas, no ver\u00e3o de 2007, de volta a Stone Hill, conhece Rose, a mundana ruiva que lhe desperta o desejo de ir do c\u00e9u ao inferno com sentimentos \u00fanicos e irreais. A paix\u00e3o o faz questionar sua pr\u00f3pria natureza, mas n\u00e3o apenas isso, pois, logo se v\u00ea contra o tempo e a si mesmo quando o seu passado bate \u00e0 porta trazendo consigo uma inimiga disposta a destruir o que lhe \u00e9 mais importante.&nbsp;Revisado em outubro\/2021<\/p>\n\n\n\n<figure class=\"wp-block-image size-full\"><img loading=\"lazy\" decoding=\"async\" width=\"480\" height=\"679\" src=\"https:\/\/rexart.com.br\/blog\/wp-content\/uploads\/2021\/12\/capa-o-palhaco-de-alaide.png\" alt=\"\" class=\"wp-image-209\" srcset=\"https:\/\/rexart.com.br\/blog\/wp-content\/uploads\/2021\/12\/capa-o-palhaco-de-alaide.png 480w, https:\/\/rexart.com.br\/blog\/wp-content\/uploads\/2021\/12\/capa-o-palhaco-de-alaide-212x300.png 212w\" sizes=\"auto, (max-width: 480px) 100vw, 480px\" \/><\/figure>\n\n\n\n<p>Muitas hist\u00f3rias combinam com Amarante, inclusive um disparate como o que aconteceu em 1994; um enredo que promete perdurar por muitas gera\u00e7\u00f5es. Um circo t\u00e3o grande jamais mergulharia numa incerteza como aquela. Em ver que o lucro da bilheteria n\u00e3o passava de uns trocados que nem daria para alimentar seus animais, Rangel nunca faria tal coisa. Mas foi por Laurian e Fernando Pedro que o circo desafiou o bom senso e rumou para a pequena cidade.&nbsp; Revisado em outubro\/2021<\/p>\n\n\n\n<figure class=\"wp-block-image size-full\"><img loading=\"lazy\" decoding=\"async\" width=\"484\" height=\"682\" src=\"https:\/\/rexart.com.br\/blog\/wp-content\/uploads\/2021\/12\/capa-despertar-diario-da-quarentena.png\" alt=\"\" class=\"wp-image-210\" srcset=\"https:\/\/rexart.com.br\/blog\/wp-content\/uploads\/2021\/12\/capa-despertar-diario-da-quarentena.png 484w, https:\/\/rexart.com.br\/blog\/wp-content\/uploads\/2021\/12\/capa-despertar-diario-da-quarentena-213x300.png 213w\" sizes=\"auto, (max-width: 484px) 100vw, 484px\" \/><\/figure>\n\n\n\n<p>Este livro tamb\u00e9m tem como objetivo contribuir para que as pessoas estejam atentas \u00e0s doen\u00e7as e fen\u00f4menos da mente, que muitos ainda julgam serem insignificantes por pensarem que cada pessoa pode dar conta dos seus pr\u00f3prios problemas. Espero que qualquer pessoa possa, atrav\u00e9s da minha experi\u00eancia, desmistificar essa cren\u00e7a e perceber que pode acontecer com qualquer um, mas principalmente, que saibam reconhecer para pedir ajuda quando necess\u00e1rio.&nbsp; Revisado em outubro\/2021<\/p>\n\n\n\n<p><\/p>\n","protected":false},"excerpt":{"rendered":"<p>O ano foi muito produtivo em termos de novos autores e obras excelentes. Desta forma, queremos compartilhar com voc\u00eas um pouquinho de cada uma. Esperamos que gostem! Estava previsto, estava em suas m\u00e3os&#8230;Ela permitiu-se ao tarot, redescobiu-se e entre tiragens e ansiedade, viu surgir uma nova paix\u00e3o. Um amor entre cenas, cordas e velas. Apenas &hellip; <\/p>\n<p class=\"link-more\"><a href=\"https:\/\/rexart.com.br\/blog\/\" class=\"more-link\">Continue lendo<span class=\"screen-reader-text\"> &#8220;21 T\u00edtulos para ler revisados em 2021&#8221;<\/span><\/a><\/p>\n","protected":false},"author":3,"featured_media":0,"parent":0,"menu_order":1,"comment_status":"closed","ping_status":"closed","template":"","meta":{"footnotes":""},"class_list":["post-220","page","type-page","status-publish","hentry"],"_links":{"self":[{"href":"https:\/\/rexart.com.br\/blog\/wp-json\/wp\/v2\/pages\/220","targetHints":{"allow":["GET"]}}],"collection":[{"href":"https:\/\/rexart.com.br\/blog\/wp-json\/wp\/v2\/pages"}],"about":[{"href":"https:\/\/rexart.com.br\/blog\/wp-json\/wp\/v2\/types\/page"}],"author":[{"embeddable":true,"href":"https:\/\/rexart.com.br\/blog\/wp-json\/wp\/v2\/users\/3"}],"replies":[{"embeddable":true,"href":"https:\/\/rexart.com.br\/blog\/wp-json\/wp\/v2\/comments?post=220"}],"version-history":[{"count":3,"href":"https:\/\/rexart.com.br\/blog\/wp-json\/wp\/v2\/pages\/220\/revisions"}],"predecessor-version":[{"id":223,"href":"https:\/\/rexart.com.br\/blog\/wp-json\/wp\/v2\/pages\/220\/revisions\/223"}],"wp:attachment":[{"href":"https:\/\/rexart.com.br\/blog\/wp-json\/wp\/v2\/media?parent=220"}],"curies":[{"name":"wp","href":"https:\/\/api.w.org\/{rel}","templated":true}]}}